{"id":37,"date":"2015-10-23T18:13:11","date_gmt":"2015-10-23T18:13:11","guid":{"rendered":"http:\/\/dev.parkwestcasino580.com\/?page_id=37"},"modified":"2016-05-24T21:46:19","modified_gmt":"2016-05-24T21:46:19","slug":"vip","status":"publish","type":"page","link":"http:\/\/parkwestcasino580.com\/vi\/vip\/","title":{"rendered":"Cao c\u1ea5p"},"content":{"rendered":"<p><\/p>\n<p>Cung c\u1ea5p d\u1ecbch v\u1ee5 h\u00e0ng \u0111\u1ea7u, t\u1ea1i Casino 580 ch\u00fang t\u00f4i x\u1eed l\u00fd c\u00e1c kh\u00e1ch h\u00e0ng c\u1ee7a ch\u00fang t\u00f4i v\u1edbi m\u1ee9c cao nh\u1ea5t c\u1ee7a s\u1ef1 t\u00f4n tr\u1ecdng v\u00e0 l\u1ecbch s\u1ef1. Nh\u00e2n vi\u00ean ch\u00fang t\u00f4i lu\u00f4n n\u1ed7 l\u1ef1c \u0111\u1ec3 x\u00e2y d\u1ef1ng c\u00e1c m\u1ed1i quan h\u1ec7, cung c\u1ea5p m\u1ed9t li\u00ean l\u1ea1c c\u00e1 nh\u00e2n v\u1edbi m\u1ed7i kh\u00e1ch h\u00e0ng, v\u00e0 v\u01b0\u1ee3t qu\u00e1 mong \u0111\u1ee3i. Ch\u00fang t\u00f4i th\u1eeba nh\u1eadn kh\u00e1ch h\u00e0ng trung th\u00e0nh v\u1edbi c\u00e1c d\u1ecbch v\u1ee5 \u0111\u1eb7c bi\u1ec7t v\u00e0 c\u00e1c ch\u01b0\u01a1ng tr\u00ecnh khuy\u1ebfn m\u00e3i VIP. S\u1eafp Casino 580 s\u1ebd \u0111\u01b0\u1ee3c tung ra m\u1ed9t ch\u01b0\u01a1ng tr\u00ecnh ph\u1ea7n th\u01b0\u1edfng. L\u00e0m th\u1ebf n\u00e0o \u0111\u1ec3 b\u1ea1n tr\u1edf th\u00e0nh m\u1ed9t VIP t\u1ea1i Casino 580? Gh\u00e9 th\u0103m ch\u00fang t\u00f4i v\u00e0 tr\u1ea3i nghi\u1ec7m n\u00f3 cho ch\u00ednh m\u00ecnh!<\/p>\n<p><\/p>","protected":false},"excerpt":{"rendered":"<p>Cung c\u1ea5p d\u1ecbch v\u1ee5 h\u00e0ng \u0111\u1ea7u, t\u1ea1i Casino 580 ch\u00fang t\u00f4i x\u1eed l\u00fd c\u00e1c kh\u00e1ch h\u00e0ng c\u1ee7a ch\u00fang t\u00f4i v\u1edbi m\u1ee9c cao nh\u1ea5t c\u1ee7a s\u1ef1 t\u00f4n tr\u1ecdng v\u00e0 l\u1ecbch s\u1ef1. Nh\u00e2n vi\u00ean ch\u00fang t\u00f4i lu\u00f4n n\u1ed7 l\u1ef1c \u0111\u1ec3 x\u00e2y d\u1ef1ng c\u00e1c m\u1ed1i quan h\u1ec7, cung c\u1ea5p m\u1ed9t li\u00ean l\u1ea1c c\u00e1 nh\u00e2n v\u1edbi m\u1ed7i kh\u00e1ch h\u00e0ng, [&hellip;]<\/p>\n","protected":false},"author":1,"featured_media":0,"parent":0,"menu_order":0,"comment_status":"closed","ping_status":"closed","template":"","meta":[],"_links":{"self":[{"href":"http:\/\/parkwestcasino580.com\/vi\/wp-json\/wp\/v2\/pages\/37"}],"collection":[{"href":"http:\/\/parkwestcasino580.com\/vi\/wp-json\/wp\/v2\/pages"}],"about":[{"href":"http:\/\/parkwestcasino580.com\/vi\/wp-json\/wp\/v2\/types\/page"}],"author":[{"embeddable":true,"href":"http:\/\/parkwestcasino580.com\/vi\/wp-json\/wp\/v2\/users\/1"}],"replies":[{"embeddable":true,"href":"http:\/\/parkwestcasino580.com\/vi\/wp-json\/wp\/v2\/comments?post=37"}],"version-history":[{"count":6,"href":"http:\/\/parkwestcasino580.com\/vi\/wp-json\/wp\/v2\/pages\/37\/revisions"}],"predecessor-version":[{"id":262,"href":"http:\/\/parkwestcasino580.com\/vi\/wp-json\/wp\/v2\/pages\/37\/revisions\/262"}],"wp:attachment":[{"href":"http:\/\/parkwestcasino580.com\/vi\/wp-json\/wp\/v2\/media?parent=37"}],"curies":[{"name":"wp","href":"https:\/\/api.w.org\/{rel}","templated":true}]}}