{"id":31,"date":"2015-10-23T18:05:17","date_gmt":"2015-10-23T18:05:17","guid":{"rendered":"http:\/\/dev.parkwestcasino580.com\/?page_id=31"},"modified":"2026-03-12T20:21:33","modified_gmt":"2026-03-12T20:21:33","slug":"shuttle","status":"publish","type":"page","link":"http:\/\/parkwestcasino580.com\/vi\/shuttle\/","title":{"rendered":"Shuttle"},"content":{"rendered":"<p><\/p>\n<p>T\u1ea1i sao l\u00e1i xe, khi ch\u00fang ta c\u00f3 th\u1ec3 \u0111\u00f3n b\u1ea1n? Ch\u00fang t\u00f4i l\u00e0m cho n\u00f3 thu\u1eadn ti\u1ec7n cho b\u1ea1n \u0111\u1ebfn th\u0103m ch\u00fang t\u00f4i t\u1ea1i Parkwest Casino 580. Ch\u00fang t\u00f4i cung c\u1ea5p d\u1ecbch v\u1ee5 xe bu\u00fdt \u0111\u01b0a \u0111\u00f3n kh\u1ee9 h\u1ed3i mi\u1ec5n ph\u00ed t\u1eeb c\u00e1c \u0111\u1ecba \u0111i\u1ec3m kh\u00e1c nhau trong khu v\u1ef1c V\u1ecbnh San Francisco r\u1eb1ng th\u1ea3 b\u1ea1n xu\u1ed1ng ngay tr\u01b0\u1edbc m\u1eb7t c\u00e1c casino. Cho d\u00f9 b\u1ea1n \u0111ang truy c\u1eadp ch\u00fang t\u1eeb San Francisco hay Oakland, ch\u00fang t\u00f4i s\u1ebd \u0111\u00f3n qu\u00fd kh\u00e1ch h\u00e0ng ng\u00e0y. Ch\u00fang t\u00f4i c\u0169ng cung c\u1ea5p theo gi\u1edd pick-up t\u1eeb Dublin ga BART \/ Pleasanton.<\/p>\n<p><\/p>","protected":false},"excerpt":{"rendered":"<p>T\u1ea1i sao l\u00e1i xe, khi ch\u00fang ta c\u00f3 th\u1ec3 \u0111\u00f3n b\u1ea1n? Ch\u00fang t\u00f4i l\u00e0m cho n\u00f3 thu\u1eadn ti\u1ec7n cho b\u1ea1n \u0111\u1ebfn th\u0103m ch\u00fang t\u00f4i t\u1ea1i Parkwest Casino 580. Ch\u00fang t\u00f4i cung c\u1ea5p d\u1ecbch v\u1ee5 xe bu\u00fdt \u0111\u01b0a \u0111\u00f3n kh\u1ee9 h\u1ed3i mi\u1ec5n ph\u00ed t\u1eeb c\u00e1c \u0111\u1ecba \u0111i\u1ec3m kh\u00e1c nhau trong khu v\u1ef1c V\u1ecbnh San Francisco r\u1eb1ng [&hellip;]<\/p>\n","protected":false},"author":1,"featured_media":1102,"parent":0,"menu_order":0,"comment_status":"closed","ping_status":"closed","template":"","meta":[],"_links":{"self":[{"href":"http:\/\/parkwestcasino580.com\/vi\/wp-json\/wp\/v2\/pages\/31"}],"collection":[{"href":"http:\/\/parkwestcasino580.com\/vi\/wp-json\/wp\/v2\/pages"}],"about":[{"href":"http:\/\/parkwestcasino580.com\/vi\/wp-json\/wp\/v2\/types\/page"}],"author":[{"embeddable":true,"href":"http:\/\/parkwestcasino580.com\/vi\/wp-json\/wp\/v2\/users\/1"}],"replies":[{"embeddable":true,"href":"http:\/\/parkwestcasino580.com\/vi\/wp-json\/wp\/v2\/comments?post=31"}],"version-history":[{"count":12,"href":"http:\/\/parkwestcasino580.com\/vi\/wp-json\/wp\/v2\/pages\/31\/revisions"}],"predecessor-version":[{"id":1109,"href":"http:\/\/parkwestcasino580.com\/vi\/wp-json\/wp\/v2\/pages\/31\/revisions\/1109"}],"wp:featuredmedia":[{"embeddable":true,"href":"http:\/\/parkwestcasino580.com\/vi\/wp-json\/wp\/v2\/media\/1102"}],"wp:attachment":[{"href":"http:\/\/parkwestcasino580.com\/vi\/wp-json\/wp\/v2\/media?parent=31"}],"curies":[{"name":"wp","href":"https:\/\/api.w.org\/{rel}","templated":true}]}}