{"id":21,"date":"2015-10-23T18:02:32","date_gmt":"2015-10-23T18:02:32","guid":{"rendered":"http:\/\/dev.parkwestcasino580.com\/?page_id=21"},"modified":"2016-04-03T18:55:20","modified_gmt":"2016-04-03T18:55:20","slug":"dining","status":"publish","type":"page","link":"http:\/\/parkwestcasino580.com\/vi\/dining\/","title":{"rendered":"\u0102n"},"content":{"rendered":"<p><\/p>\n<p>Bar Tatami l\u00e0 m\u1ed9t qu\u00e1n bar hi\u1ec7n \u0111\u1ea1i v\u00e0 nh\u00e0 h\u00e0ng ph\u1ee5c v\u1ee5 m\u00f3n cocktail l\u00e0m th\u1ee7 c\u00f4ng, c\u00e1c lo\u1ea1i bia v\u00e0 r\u01b0\u1ee3u vang \u0111\u1ecba ph\u01b0\u01a1ng, v\u00e0 c\u00e1c m\u00f3n \u0103n Pacific Rim \u1edf Livermore, California. Ch\u1ee7 \u0111\u1ea7u t\u01b0 v\u00e0 th\u1ef1c ph\u1ea9m ng\u01b0\u1eddi \u0111am m\u00ea John Park l\u1eafp r\u00e1p m\u1ed9t \u0111\u1ed9i duy nh\u1ea5t \u0111\u1ec3 cung c\u1ea5p m\u1ed9t th\u1ef1c \u0111\u01a1n th\u1ee7 c\u00f4ng, trong \u0111\u00f3 bao g\u1ed3m m\u1ed9t lo\u1ea1t c\u00e1c m\u00f3n \u0103n \u1ea9m th\u1ef1c s\u00e1ng t\u1ea1o v\u00e0 m\u1eb7n. Tatami, m\u1ed9t t\u1ea7ng Nh\u1eadt mat truy\u1ec1n th\u1ed1ng, l\u00e0 m\u1ed9t bi\u1ec3u t\u01b0\u1ee3ng c\u1ee7a l\u00f2ng hi\u1ebfu kh\u00e1ch c\u1ee7a ch\u00fang t\u00f4i v\u00e0 ph\u1ea3n \u00e1nh \u1ea3nh h\u01b0\u1edfng c\u1ee7a Pacific Rim v\u00e0 c\u00e1c n\u1ec1n v\u0103n h\u00f3a ch\u00e2u \u00c1 trong th\u1ef1c \u0111\u01a1n c\u1ee7a ch\u00fang t\u00f4i. V\u1edbi n\u1ed9i th\u1ea5t ki\u1ec3u d\u00e1ng \u0111\u1eb9p v\u00e0 hi\u1ec7n \u0111\u1ea1i, nh\u01b0ng v\u1eabn tho\u1ea3i m\u00e1i, kh\u00e1ch l\u00e0m Bar Tatami \u0111\u1ecba \u0111i\u1ec3m \u01b0a th\u00edch c\u1ee7a h\u1ecd \u0111\u1ec3 g\u1eb7p g\u1ee1 b\u1ea1n b\u00e8 v\u00e0 th\u01b0 gi\u00e3n sau gi\u1edd l\u00e0m vi\u1ec7c ho\u1eb7c mang l\u1ea1i cho c\u1ea3 gia \u0111\u00ecnh cho m\u1ed9t b\u1eefa \u0103n t\u1ea5t c\u1ea3 m\u1ecdi ng\u01b0\u1eddi c\u00f3 th\u1ec3 th\u01b0\u1edfng th\u1ee9c. V\u1edbi s\u1ef1 quan t\u00e2m \u0111\u1ebfn tinh t\u1ebf, d\u1ecbch v\u1ee5, v\u00e0 c\u00e1c m\u00f3n \u0103n ch\u1ea5t l\u01b0\u1ee3ng, Bar Tatami gi\u1edbi thi\u1ec7u m\u1ed9t ti\u00eau chu\u1ea9n m\u1edbi cho khu \u0103n u\u1ed1ng \u0111\u1ebfn khu v\u1ef1c Tri-Valley.<\/p>\n<p><\/p>","protected":false},"excerpt":{"rendered":"<p>Bar Tatami l\u00e0 m\u1ed9t qu\u00e1n bar hi\u1ec7n \u0111\u1ea1i v\u00e0 nh\u00e0 h\u00e0ng ph\u1ee5c v\u1ee5 m\u00f3n cocktail l\u00e0m th\u1ee7 c\u00f4ng, c\u00e1c lo\u1ea1i bia v\u00e0 r\u01b0\u1ee3u vang \u0111\u1ecba ph\u01b0\u01a1ng, v\u00e0 c\u00e1c m\u00f3n \u0103n Pacific Rim \u1edf Livermore, California. Ch\u1ee7 \u0111\u1ea7u t\u01b0 v\u00e0 th\u1ef1c ph\u1ea9m ng\u01b0\u1eddi \u0111am m\u00ea John Park l\u1eafp r\u00e1p m\u1ed9t \u0111\u1ed9i duy nh\u1ea5t \u0111\u1ec3 cung c\u1ea5p [&hellip;]<\/p>\n","protected":false},"author":1,"featured_media":0,"parent":0,"menu_order":0,"comment_status":"closed","ping_status":"closed","template":"","meta":[],"_links":{"self":[{"href":"http:\/\/parkwestcasino580.com\/vi\/wp-json\/wp\/v2\/pages\/21"}],"collection":[{"href":"http:\/\/parkwestcasino580.com\/vi\/wp-json\/wp\/v2\/pages"}],"about":[{"href":"http:\/\/parkwestcasino580.com\/vi\/wp-json\/wp\/v2\/types\/page"}],"author":[{"embeddable":true,"href":"http:\/\/parkwestcasino580.com\/vi\/wp-json\/wp\/v2\/users\/1"}],"replies":[{"embeddable":true,"href":"http:\/\/parkwestcasino580.com\/vi\/wp-json\/wp\/v2\/comments?post=21"}],"version-history":[{"count":5,"href":"http:\/\/parkwestcasino580.com\/vi\/wp-json\/wp\/v2\/pages\/21\/revisions"}],"predecessor-version":[{"id":236,"href":"http:\/\/parkwestcasino580.com\/vi\/wp-json\/wp\/v2\/pages\/21\/revisions\/236"}],"wp:attachment":[{"href":"http:\/\/parkwestcasino580.com\/vi\/wp-json\/wp\/v2\/media?parent=21"}],"curies":[{"name":"wp","href":"https:\/\/api.w.org\/{rel}","templated":true}]}}